{"id":124,"date":"2014-08-27T19:56:33","date_gmt":"2014-08-27T23:56:33","guid":{"rendered":"http:\/\/cookedwp.com\/demo\/?page_id=124"},"modified":"2022-10-27T18:41:29","modified_gmt":"2022-10-27T16:41:29","slug":"rezepte","status":"publish","type":"page","link":"https:\/\/recetas.kuken.es\/de\/rezepte\/","title":{"rendered":"Alle Rezepte"},"content":{"rendered":"<section class=\"cooked-recipe-search cooked-clearfix\"><form action=\"https:\/\/recetas.kuken.es\/de\/rezepte\/\" method=\"get\" data-trp-original-action=\"https:\/\/recetas.kuken.es\/de\/rezepte\/\"><input type=\"hidden\" name=\"page_id\" value=\"124\"><div class=\"cooked-fields-wrap cooked-1-search-fields\"><div class=\"cooked-field-wrap cooked-field-wrap-select\"><span class=\"cooked-browse-select\"><span class=\"cooked-field-title\">durchsuchen<\/span><span class=\"cooked-browse-select-block cooked-clearfix\"><span class=\"cooked-tax-column\"><span class=\"cooked-tax-column-title\">Kategorien<\/span><div class=\"cooked-tax-scrollable\"><a href=\"https:\/\/recetas.kuken.es\/de\/rezepte\/rezeptkategorie\/begleitseiten-erste\">Erste Begleitungen<\/a><a href=\"https:\/\/recetas.kuken.es\/de\/rezepte\/rezeptkategorie\/getranke\">Getr\u00e4nke<\/a><a href=\"https:\/\/recetas.kuken.es\/de\/rezepte\/rezeptkategorie\/fruhstucke\">Fr\u00fchst\u00fcck<\/a><a href=\"https:\/\/recetas.kuken.es\/de\/rezepte\/rezeptkategorie\/vorspeisen-und-aperitifs\">Vorspeisen und Aperitifs<\/a><a href=\"https:\/\/recetas.kuken.es\/de\/rezepte\/rezeptkategorie\/desserts\">Desserts<\/a><a href=\"https:\/\/recetas.kuken.es\/de\/rezepte\/rezeptkategorie\/erste\">Erste<\/a><a href=\"https:\/\/recetas.kuken.es\/de\/rezepte\/rezeptkategorie\/sosen-und-grundzutaten\">So\u00dfen und Grundzutaten<\/a><a href=\"https:\/\/recetas.kuken.es\/de\/rezepte\/rezeptkategorie\/sekunden\">Sekunden<\/a><\/div><\/span><\/span><\/span><\/div><input aria-label=\"Ein Rezept finden...\" class=\"cooked-browse-search\" type=\"text\" name=\"cooked_search_s\" value=\"\" placeholder=\"Ein Rezept finden...\" \/><a aria-label=\"Suche\" href=\"#\" class=\"cooked-browse-search-button\"><i class=\"cooked-icon cooked-icon-search\"><\/i><\/a><\/div><span class=\"cooked-sortby-wrap\"><select class=\"cooked-sortby-select\" name=\"cooked_browse_sort_by\"><option value=\"date_desc\" selected>Neuestes zuerst<\/option><option value=\"date_asc\">\u00c4lteste zuerst<\/option><option value=\"title_asc\">Alphabetisch (A-Z)<\/option><option value=\"title_desc\">Alphabetisch (Z-A)<\/option><option value=\"rating_desc\">H\u00f6chste Bewertung<\/option><option value=\"rating_asc\">Niedrigste Bewertung<\/option><\/select><\/span><input type=\"hidden\" name=\"trp-form-language\" value=\"de\"\/><\/form><\/section><section id=\"cooked-recipe-list-1\" class=\"cooked-clearfix cooked-recipe-grid cooked-recipe-loader cooked-columns-3\"><article class=\"cooked-recipe has-post-thumbnail cooked-recipe-card cooked-recipe-card-modern-centered\"><a href=\"https:\/\/recetas.kuken.es\/de\/rezept\/nudelnest-mit-krabben\/\" class=\"cooked-recipe-card-image\" style=\"background-image:url(https:\/\/recetas.kuken.es\/wp-content\/uploads\/pasta-alcachofa-gambas-480x525.jpg);\"><\/a><a href=\"https:\/\/recetas.kuken.es\/de\/profil\/\" class=\"cooked-favorite-heart\"><i class=\"cooked-icon cooked-icon-heart cooked-icon-fw\"><\/i><\/a><span class=\"cooked-recipe-card-content\"><span class=\"cooked-rating\" data-recipe-id=\"3264\"><span class=\"cooked-rating-stars\"><span data-rating-value=\"5\" class=\"cooked-rating-choice cooked-rating-star cooked-rating-star-empty\"><i class=\"cooked-icon cooked-icon-star\"><\/i><\/span><span data-rating-value=\"4\" class=\"cooked-rating-choice cooked-rating-star cooked-rating-star-empty\"><i class=\"cooked-icon cooked-icon-star\"><\/i><\/span><span data-rating-value=\"3\" class=\"cooked-rating-choice cooked-rating-star cooked-rating-star-empty\"><i class=\"cooked-icon cooked-icon-star\"><\/i><\/span><span data-rating-value=\"2\" class=\"cooked-rating-choice cooked-rating-star cooked-rating-star-empty\"><i class=\"cooked-icon cooked-icon-star\"><\/i><\/span><span data-rating-value=\"1\" class=\"cooked-rating-choice cooked-rating-star cooked-rating-star-empty\"><i class=\"cooked-icon cooked-icon-star\"><\/i><\/span><\/span><\/span><a href=\"https:\/\/recetas.kuken.es\/de\/rezept\/nudelnest-mit-krabben\/\" class=\"cooked-recipe-card-title\">Nudelnester mit Garnelen<\/a><span class=\"cooked-recipe-card-sep\"><\/span><span class=\"cooked-recipe-card-excerpt\">K\u00f6stliches Rezept f\u00fcr Nudelnester mit Garnelen, das Sie an jedem Tag der Woche zubereiten k\u00f6nnen, vor allem aber am Wochenende f\u00fcr ein entspanntes Familienessen.<\/span><\/span><\/article><article class=\"cooked-recipe has-post-thumbnail cooked-recipe-card cooked-recipe-card-modern-centered\"><a href=\"https:\/\/recetas.kuken.es\/de\/rezept\/gefullte-gratinierte-auberginen\/\" class=\"cooked-recipe-card-image\" style=\"background-image:url(https:\/\/recetas.kuken.es\/wp-content\/uploads\/berenjena-rellena-479x525.jpg);\"><\/a><a href=\"https:\/\/recetas.kuken.es\/de\/profil\/\" class=\"cooked-favorite-heart\"><i class=\"cooked-icon cooked-icon-heart cooked-icon-fw\"><\/i><\/a><span class=\"cooked-recipe-card-content\"><span class=\"cooked-rating\" data-recipe-id=\"3268\"><span class=\"cooked-rating-stars\"><span data-rating-value=\"5\" class=\"cooked-rating-choice cooked-rating-star cooked-rating-star-empty\"><i class=\"cooked-icon cooked-icon-star\"><\/i><\/span><span data-rating-value=\"4\" class=\"cooked-rating-choice cooked-rating-star cooked-rating-star-empty\"><i class=\"cooked-icon cooked-icon-star\"><\/i><\/span><span data-rating-value=\"3\" class=\"cooked-rating-choice cooked-rating-star cooked-rating-star-empty\"><i class=\"cooked-icon cooked-icon-star\"><\/i><\/span><span data-rating-value=\"2\" class=\"cooked-rating-choice cooked-rating-star cooked-rating-star-empty\"><i class=\"cooked-icon cooked-icon-star\"><\/i><\/span><span data-rating-value=\"1\" class=\"cooked-rating-choice cooked-rating-star cooked-rating-star-empty\"><i class=\"cooked-icon cooked-icon-star\"><\/i><\/span><\/span><\/span><a href=\"https:\/\/recetas.kuken.es\/de\/rezept\/gefullte-gratinierte-auberginen\/\" class=\"cooked-recipe-card-title\">Gef\u00fcllte, gratinierte Auberginen<\/a><span class=\"cooked-recipe-card-sep\"><\/span><span class=\"cooked-recipe-card-excerpt\">K\u00f6stliches Rezept f\u00fcr gef\u00fcllte, gratinierte Auberginen, mit dem Sie alle Ihre G\u00e4ste \u00fcberraschen werden.<\/span><\/span><\/article><article class=\"cooked-recipe has-post-thumbnail cooked-recipe-card cooked-recipe-card-modern-centered\"><a href=\"https:\/\/recetas.kuken.es\/de\/rezept\/kichererbsenfleischballchen-mit-lauchsauce\/\" class=\"cooked-recipe-card-image\" style=\"background-image:url(https:\/\/recetas.kuken.es\/wp-content\/uploads\/albondigas-de-garbanzos-con-salsa-de-puerro-y-arroz-blanco-480x525.jpg);\"><\/a><a href=\"https:\/\/recetas.kuken.es\/de\/profil\/\" class=\"cooked-favorite-heart\"><i class=\"cooked-icon cooked-icon-heart cooked-icon-fw\"><\/i><\/a><span class=\"cooked-recipe-card-content\"><span class=\"cooked-rating\" data-recipe-id=\"3266\"><span class=\"cooked-rating-stars\"><span data-rating-value=\"5\" class=\"cooked-rating-choice cooked-rating-star cooked-rating-star-empty\"><i class=\"cooked-icon cooked-icon-star\"><\/i><\/span><span data-rating-value=\"4\" class=\"cooked-rating-choice cooked-rating-star cooked-rating-star-empty\"><i class=\"cooked-icon cooked-icon-star\"><\/i><\/span><span data-rating-value=\"3\" class=\"cooked-rating-choice cooked-rating-star cooked-rating-star-empty\"><i class=\"cooked-icon cooked-icon-star\"><\/i><\/span><span data-rating-value=\"2\" class=\"cooked-rating-choice cooked-rating-star cooked-rating-star-empty\"><i class=\"cooked-icon cooked-icon-star\"><\/i><\/span><span data-rating-value=\"1\" class=\"cooked-rating-choice cooked-rating-star cooked-rating-star-empty\"><i class=\"cooked-icon cooked-icon-star\"><\/i><\/span><\/span><\/span><a href=\"https:\/\/recetas.kuken.es\/de\/rezept\/kichererbsenfleischballchen-mit-lauchsauce\/\" class=\"cooked-recipe-card-title\">Kichererbsen-Frikadellen mit Lauch-Sauce<\/a><span class=\"cooked-recipe-card-sep\"><\/span><span class=\"cooked-recipe-card-excerpt\">Leckeres Rezept f\u00fcr Fleischb\u00e4llchen aus pflanzlichen Zutaten, basierend auf Kichererbsen und verschiedenen Gem\u00fcsesorten. Lassen Sie sich \u00fcberraschen.<\/span><\/span><\/article><article class=\"cooked-recipe has-post-thumbnail cooked-recipe-card cooked-recipe-card-modern-centered\"><a href=\"https:\/\/recetas.kuken.es\/de\/rezept\/mit-pilzen-uberzogene-kartoffeln\/\" class=\"cooked-recipe-card-image\" style=\"background-image:url(https:\/\/recetas.kuken.es\/wp-content\/uploads\/patata-enmascarada-480x525.jpg);\"><\/a><a href=\"https:\/\/recetas.kuken.es\/de\/profil\/\" class=\"cooked-favorite-heart\"><i class=\"cooked-icon cooked-icon-heart cooked-icon-fw\"><\/i><\/a><span class=\"cooked-recipe-card-content\"><span class=\"cooked-rating\" data-recipe-id=\"3277\"><span class=\"cooked-rating-stars\"><span data-rating-value=\"5\" class=\"cooked-rating-choice cooked-rating-star cooked-rating-star-empty\"><i class=\"cooked-icon cooked-icon-star\"><\/i><\/span><span data-rating-value=\"4\" class=\"cooked-rating-choice cooked-rating-star cooked-rating-star-empty\"><i class=\"cooked-icon cooked-icon-star\"><\/i><\/span><span data-rating-value=\"3\" class=\"cooked-rating-choice cooked-rating-star cooked-rating-star-empty\"><i class=\"cooked-icon cooked-icon-star\"><\/i><\/span><span data-rating-value=\"2\" class=\"cooked-rating-choice cooked-rating-star cooked-rating-star-empty\"><i class=\"cooked-icon cooked-icon-star\"><\/i><\/span><span data-rating-value=\"1\" class=\"cooked-rating-choice cooked-rating-star cooked-rating-star-empty\"><i class=\"cooked-icon cooked-icon-star\"><\/i><\/span><\/span><\/span><a href=\"https:\/\/recetas.kuken.es\/de\/rezept\/mit-pilzen-uberzogene-kartoffeln\/\" class=\"cooked-recipe-card-title\">Mit Pilzen maskierte Kartoffeln<\/a><span class=\"cooked-recipe-card-sep\"><\/span><span class=\"cooked-recipe-card-excerpt\">Mit Pilzen \u00fcberzogene Kartoffeln. Ein k\u00f6stliches Rezept, das man an kalten Tagen zubereiten und mit einem St\u00fcck rustikalem Brot und einem Glas Rotwein genie\u00dfen kann.<\/span><\/span><\/article><article class=\"cooked-recipe has-post-thumbnail cooked-recipe-card cooked-recipe-card-modern-centered\"><a href=\"https:\/\/recetas.kuken.es\/de\/rezept\/pikante-flugel-mit-honig-und-sesam\/\" class=\"cooked-recipe-card-image\" style=\"background-image:url(https:\/\/recetas.kuken.es\/wp-content\/uploads\/alitas-de-pollo-miel-480x525.jpg);\"><\/a><a href=\"https:\/\/recetas.kuken.es\/de\/profil\/\" class=\"cooked-favorite-heart\"><i class=\"cooked-icon cooked-icon-heart cooked-icon-fw\"><\/i><\/a><span class=\"cooked-recipe-card-content\"><span class=\"cooked-rating\" data-recipe-id=\"3270\"><span class=\"cooked-rating-stars\"><span data-rating-value=\"5\" class=\"cooked-rating-choice cooked-rating-star cooked-rating-star-empty\"><i class=\"cooked-icon cooked-icon-star\"><\/i><\/span><span data-rating-value=\"4\" class=\"cooked-rating-choice cooked-rating-star cooked-rating-star-empty\"><i class=\"cooked-icon cooked-icon-star\"><\/i><\/span><span data-rating-value=\"3\" class=\"cooked-rating-choice cooked-rating-star cooked-rating-star-empty\"><i class=\"cooked-icon cooked-icon-star\"><\/i><\/span><span data-rating-value=\"2\" class=\"cooked-rating-choice cooked-rating-star cooked-rating-star-empty\"><i class=\"cooked-icon cooked-icon-star\"><\/i><\/span><span data-rating-value=\"1\" class=\"cooked-rating-choice cooked-rating-star cooked-rating-star-empty\"><i class=\"cooked-icon cooked-icon-star\"><\/i><\/span><\/span><\/span><a href=\"https:\/\/recetas.kuken.es\/de\/rezept\/pikante-flugel-mit-honig-und-sesam\/\" class=\"cooked-recipe-card-title\">Honig-Sesam-Hot-Wings<\/a><span class=\"cooked-recipe-card-sep\"><\/span><span class=\"cooked-recipe-card-excerpt\">W\u00fcrzige H\u00e4hnchenfl\u00fcgel mit Honig und Sesam, ideal zum Teilen mit der Familie oder Freunden.<\/span><\/span><\/article><article class=\"cooked-recipe has-post-thumbnail cooked-recipe-card cooked-recipe-card-modern-centered\"><a href=\"https:\/\/recetas.kuken.es\/de\/rezept\/chili-con-carne\/\" class=\"cooked-recipe-card-image\" style=\"background-image:url(https:\/\/recetas.kuken.es\/wp-content\/uploads\/chili-480x525.jpg);\"><\/a><a href=\"https:\/\/recetas.kuken.es\/de\/profil\/\" class=\"cooked-favorite-heart\"><i class=\"cooked-icon cooked-icon-heart cooked-icon-fw\"><\/i><\/a><span class=\"cooked-recipe-card-content\"><span class=\"cooked-rating\" data-recipe-id=\"3247\"><span class=\"cooked-rating-stars\"><span data-rating-value=\"5\" class=\"cooked-rating-choice cooked-rating-star cooked-rating-star-empty\"><i class=\"cooked-icon cooked-icon-star\"><\/i><\/span><span data-rating-value=\"4\" class=\"cooked-rating-choice cooked-rating-star cooked-rating-star-empty\"><i class=\"cooked-icon cooked-icon-star\"><\/i><\/span><span data-rating-value=\"3\" class=\"cooked-rating-choice cooked-rating-star cooked-rating-star-empty\"><i class=\"cooked-icon cooked-icon-star\"><\/i><\/span><span data-rating-value=\"2\" class=\"cooked-rating-choice cooked-rating-star cooked-rating-star-empty\"><i class=\"cooked-icon cooked-icon-star\"><\/i><\/span><span data-rating-value=\"1\" class=\"cooked-rating-choice cooked-rating-star cooked-rating-star-empty\"><i class=\"cooked-icon cooked-icon-star\"><\/i><\/span><\/span><\/span><a href=\"https:\/\/recetas.kuken.es\/de\/rezept\/chili-con-carne\/\" class=\"cooked-recipe-card-title\">Chili con carne<\/a><span class=\"cooked-recipe-card-sep\"><\/span><span class=\"cooked-recipe-card-excerpt\">K\u00f6stliche Beilage aus Chili con Carne nach Tex-Mex-Art, ideal zum Teilen mit Freunden und Familie an besonderen Tagen.<\/span><\/span><\/article><article class=\"cooked-recipe has-post-thumbnail cooked-recipe-card cooked-recipe-card-modern-centered\"><a href=\"https:\/\/recetas.kuken.es\/de\/rezept\/lachs-mit-knusprigen-pistazien\/\" class=\"cooked-recipe-card-image\" style=\"background-image:url(https:\/\/recetas.kuken.es\/wp-content\/uploads\/salmon-pistacho-480x525.jpg);\"><\/a><a href=\"https:\/\/recetas.kuken.es\/de\/profil\/\" class=\"cooked-favorite-heart\"><i class=\"cooked-icon cooked-icon-heart cooked-icon-fw\"><\/i><\/a><span class=\"cooked-recipe-card-content\"><span class=\"cooked-rating\" data-recipe-id=\"3256\"><span class=\"cooked-rating-stars\"><span data-rating-value=\"5\" class=\"cooked-rating-choice cooked-rating-star cooked-rating-star-empty\"><i class=\"cooked-icon cooked-icon-star\"><\/i><\/span><span data-rating-value=\"4\" class=\"cooked-rating-choice cooked-rating-star cooked-rating-star-empty\"><i class=\"cooked-icon cooked-icon-star\"><\/i><\/span><span data-rating-value=\"3\" class=\"cooked-rating-choice cooked-rating-star cooked-rating-star-empty\"><i class=\"cooked-icon cooked-icon-star\"><\/i><\/span><span data-rating-value=\"2\" class=\"cooked-rating-choice cooked-rating-star cooked-rating-star-empty\"><i class=\"cooked-icon cooked-icon-star\"><\/i><\/span><span data-rating-value=\"1\" class=\"cooked-rating-choice cooked-rating-star cooked-rating-star-empty\"><i class=\"cooked-icon cooked-icon-star\"><\/i><\/span><\/span><\/span><a href=\"https:\/\/recetas.kuken.es\/de\/rezept\/lachs-mit-knusprigen-pistazien\/\" class=\"cooked-recipe-card-title\">Lachs mit knusprigen Pistazien<\/a><span class=\"cooked-recipe-card-sep\"><\/span><span class=\"cooked-recipe-card-excerpt\">K\u00f6stliches Lachsrezept mit knusprigen Pistazien, ein nahrhaftes und einfach zuzubereitendes Gericht, das jeden \u00fcberraschen wird.<\/span><\/span><\/article><article class=\"cooked-recipe has-post-thumbnail cooked-recipe-card cooked-recipe-card-modern-centered\"><a href=\"https:\/\/recetas.kuken.es\/de\/rezept\/lasana-mit-mexikanischem-touch\/\" class=\"cooked-recipe-card-image\" style=\"background-image:url(https:\/\/recetas.kuken.es\/wp-content\/uploads\/lasana-mexicana-480x525.jpg);\"><\/a><a href=\"https:\/\/recetas.kuken.es\/de\/profil\/\" class=\"cooked-favorite-heart\"><i class=\"cooked-icon cooked-icon-heart cooked-icon-fw\"><\/i><\/a><span class=\"cooked-recipe-card-content\"><span class=\"cooked-rating\" data-recipe-id=\"3250\"><span class=\"cooked-rating-stars\"><span data-rating-value=\"5\" class=\"cooked-rating-choice cooked-rating-star cooked-rating-star-empty\"><i class=\"cooked-icon cooked-icon-star\"><\/i><\/span><span data-rating-value=\"4\" class=\"cooked-rating-choice cooked-rating-star cooked-rating-star-empty\"><i class=\"cooked-icon cooked-icon-star\"><\/i><\/span><span data-rating-value=\"3\" class=\"cooked-rating-choice cooked-rating-star cooked-rating-star-empty\"><i class=\"cooked-icon cooked-icon-star\"><\/i><\/span><span data-rating-value=\"2\" class=\"cooked-rating-choice cooked-rating-star cooked-rating-star-empty\"><i class=\"cooked-icon cooked-icon-star\"><\/i><\/span><span data-rating-value=\"1\" class=\"cooked-rating-choice cooked-rating-star cooked-rating-star-empty\"><i class=\"cooked-icon cooked-icon-star\"><\/i><\/span><\/span><\/span><a href=\"https:\/\/recetas.kuken.es\/de\/rezept\/lasana-mit-mexikanischem-touch\/\" class=\"cooked-recipe-card-title\">Lasagne mit mexikanischem Einschlag<\/a><span class=\"cooked-recipe-card-sep\"><\/span><span class=\"cooked-recipe-card-excerpt\">Ein k\u00f6stliches mexikanisches Lasagne-Gericht, das sehr einfach zuzubereiten ist und mit viel Geschmack all Ihre G\u00e4ste \u00fcberraschen wird.<\/span><\/span><\/article><article class=\"cooked-recipe has-post-thumbnail cooked-recipe-card cooked-recipe-card-modern-centered\"><a href=\"https:\/\/recetas.kuken.es\/de\/rezept\/schwarzer-reis-mit-baby-tintenfisch-und-garnelen\/\" class=\"cooked-recipe-card-image\" style=\"background-image:url(https:\/\/recetas.kuken.es\/wp-content\/uploads\/arroz-negro-480x525.jpg);\"><\/a><a href=\"https:\/\/recetas.kuken.es\/de\/profil\/\" class=\"cooked-favorite-heart\"><i class=\"cooked-icon cooked-icon-heart cooked-icon-fw\"><\/i><\/a><span class=\"cooked-recipe-card-content\"><span class=\"cooked-rating\" data-recipe-id=\"3252\"><span class=\"cooked-rating-stars\"><span data-rating-value=\"5\" class=\"cooked-rating-choice cooked-rating-star cooked-rating-star-empty\"><i class=\"cooked-icon cooked-icon-star\"><\/i><\/span><span data-rating-value=\"4\" class=\"cooked-rating-choice cooked-rating-star cooked-rating-star-empty\"><i class=\"cooked-icon cooked-icon-star\"><\/i><\/span><span data-rating-value=\"3\" class=\"cooked-rating-choice cooked-rating-star cooked-rating-star-empty\"><i class=\"cooked-icon cooked-icon-star\"><\/i><\/span><span data-rating-value=\"2\" class=\"cooked-rating-choice cooked-rating-star cooked-rating-star-empty\"><i class=\"cooked-icon cooked-icon-star\"><\/i><\/span><span data-rating-value=\"1\" class=\"cooked-rating-choice cooked-rating-star cooked-rating-star-empty\"><i class=\"cooked-icon cooked-icon-star\"><\/i><\/span><\/span><\/span><a href=\"https:\/\/recetas.kuken.es\/de\/rezept\/schwarzer-reis-mit-baby-tintenfisch-und-garnelen\/\" class=\"cooked-recipe-card-title\">Schwarzer Reis mit Baby-Tintenfisch und Garnelen<\/a><span class=\"cooked-recipe-card-sep\"><\/span><span class=\"cooked-recipe-card-excerpt\">Ein k\u00f6stliches schwarzes Reisgericht mit Baby-Tintenfischen und Garnelen, das jeden \u00fcberraschen wird.<\/span><\/span><\/article><\/section><div class=\"cooked-pages-load-wrap cooked-load-more-scroll\"><span class=\"cooked-icon-loading-wrap\"><i class=\"cooked-icon cooked-icon-loading cooked-icon-spin\"><\/i><\/span><\/div>","protected":false},"excerpt":{"rendered":"","protected":false},"author":8,"featured_media":143,"parent":0,"menu_order":0,"comment_status":"closed","ping_status":"closed","template":"","meta":{"footnotes":""},"class_list":["post-124","page","type-page","status-publish","has-post-thumbnail","hentry"],"yoast_head":"<!-- This site is optimized with the Yoast SEO Premium plugin v24.0 (Yoast SEO v25.3.1) - https:\/\/yoast.com\/wordpress\/plugins\/seo\/ -->\n<title>Todas las recetas - Recetas K\u00fcken<\/title>\n<meta name=\"robots\" content=\"index, follow, max-snippet:-1, max-image-preview:large, max-video-preview:-1\" \/>\n<link rel=\"canonical\" href=\"https:\/\/recetas.kuken.es\/de\/rezepte\/\" \/>\n<meta property=\"og:locale\" content=\"de_DE\" \/>\n<meta property=\"og:type\" content=\"article\" \/>\n<meta property=\"og:title\" content=\"Todas las recetas - Recetas K\u00fcken\" \/>\n<meta property=\"og:url\" content=\"https:\/\/recetas.kuken.es\/de\/rezepte\/\" \/>\n<meta property=\"og:site_name\" content=\"Recetas K\u00fcken\" \/>\n<meta property=\"article:modified_time\" content=\"2022-10-27T16:41:29+00:00\" \/>\n<meta property=\"og:image\" content=\"https:\/\/recetas.kuken.es\/wp-content\/uploads\/2014\/08\/red-flannel-hash-recipe11.jpg\" \/>\n\t<meta property=\"og:image:width\" content=\"2400\" \/>\n\t<meta property=\"og:image:height\" content=\"1600\" \/>\n\t<meta property=\"og:image:type\" content=\"image\/jpeg\" \/>\n<meta name=\"twitter:card\" content=\"summary_large_image\" \/>\n<meta name=\"twitter:label1\" content=\"Gesch\u00e4tzte Lesezeit\" \/>\n\t<meta name=\"twitter:data1\" content=\"1\u00a0Minute\" \/>\n<script type=\"application\/ld+json\" class=\"yoast-schema-graph\">{\"@context\":\"https:\/\/schema.org\",\"@graph\":[{\"@type\":\"WebPage\",\"@id\":\"https:\/\/recetas.kuken.es\/recetas\/\",\"url\":\"https:\/\/recetas.kuken.es\/recetas\/\",\"name\":\"Todas las recetas - Recetas K\u00fcken\",\"isPartOf\":{\"@id\":\"https:\/\/recetas.kuken.es\/fr\/#website\"},\"primaryImageOfPage\":{\"@id\":\"https:\/\/recetas.kuken.es\/recetas\/#primaryimage\"},\"image\":{\"@id\":\"https:\/\/recetas.kuken.es\/recetas\/#primaryimage\"},\"thumbnailUrl\":\"https:\/\/recetas.kuken.es\/wp-content\/uploads\/2014\/08\/red-flannel-hash-recipe11.jpg\",\"datePublished\":\"2014-08-27T23:56:33+00:00\",\"dateModified\":\"2022-10-27T16:41:29+00:00\",\"inLanguage\":\"de\",\"potentialAction\":[{\"@type\":\"ReadAction\",\"target\":[\"https:\/\/recetas.kuken.es\/recetas\/\"]}]},{\"@type\":\"ImageObject\",\"inLanguage\":\"de\",\"@id\":\"https:\/\/recetas.kuken.es\/recetas\/#primaryimage\",\"url\":\"https:\/\/recetas.kuken.es\/wp-content\/uploads\/2014\/08\/red-flannel-hash-recipe11.jpg\",\"contentUrl\":\"https:\/\/recetas.kuken.es\/wp-content\/uploads\/2014\/08\/red-flannel-hash-recipe11.jpg\",\"width\":2400,\"height\":1600},{\"@type\":\"WebSite\",\"@id\":\"https:\/\/recetas.kuken.es\/fr\/#website\",\"url\":\"https:\/\/recetas.kuken.es\/fr\/\",\"name\":\"Recetas K\u00fcken\",\"description\":\"Amplia variedad de recetas para tu robot de cocina\",\"publisher\":{\"@id\":\"https:\/\/recetas.kuken.es\/fr\/#organization\"},\"potentialAction\":[{\"@type\":\"SearchAction\",\"target\":{\"@type\":\"EntryPoint\",\"urlTemplate\":\"https:\/\/recetas.kuken.es\/fr\/?s={search_term_string}\"},\"query-input\":{\"@type\":\"PropertyValueSpecification\",\"valueRequired\":true,\"valueName\":\"search_term_string\"}}],\"inLanguage\":\"de\"},{\"@type\":\"Organization\",\"@id\":\"https:\/\/recetas.kuken.es\/fr\/#organization\",\"name\":\"Alfa Dyser\",\"url\":\"https:\/\/recetas.kuken.es\/fr\/\",\"logo\":{\"@type\":\"ImageObject\",\"inLanguage\":\"de\",\"@id\":\"https:\/\/recetas.kuken.es\/fr\/#\/schema\/logo\/image\/\",\"url\":\"https:\/\/recetas.kuken.es\/wp-content\/uploads\/2020\/11\/cropped-kuken-1.png\",\"contentUrl\":\"https:\/\/recetas.kuken.es\/wp-content\/uploads\/2020\/11\/cropped-kuken-1.png\",\"width\":377,\"height\":94,\"caption\":\"Alfa Dyser\"},\"image\":{\"@id\":\"https:\/\/recetas.kuken.es\/fr\/#\/schema\/logo\/image\/\"}}]}<\/script>\n<!-- \/ Yoast SEO Premium plugin. -->","yoast_head_json":{"title":"Todas las recetas - Recetas K\u00fcken","robots":{"index":"index","follow":"follow","max-snippet":"max-snippet:-1","max-image-preview":"max-image-preview:large","max-video-preview":"max-video-preview:-1"},"canonical":"https:\/\/recetas.kuken.es\/de\/rezepte\/","og_locale":"de_DE","og_type":"article","og_title":"Todas las recetas - Recetas K\u00fcken","og_url":"https:\/\/recetas.kuken.es\/de\/rezepte\/","og_site_name":"Recetas K\u00fcken","article_modified_time":"2022-10-27T16:41:29+00:00","og_image":[{"width":2400,"height":1600,"url":"https:\/\/recetas.kuken.es\/wp-content\/uploads\/2014\/08\/red-flannel-hash-recipe11.jpg","type":"image\/jpeg"}],"twitter_card":"summary_large_image","twitter_misc":{"Gesch\u00e4tzte Lesezeit":"1\u00a0Minute"},"schema":{"@context":"https:\/\/schema.org","@graph":[{"@type":"WebPage","@id":"https:\/\/recetas.kuken.es\/recetas\/","url":"https:\/\/recetas.kuken.es\/recetas\/","name":"Todas las recetas - Recetas K\u00fcken","isPartOf":{"@id":"https:\/\/recetas.kuken.es\/fr\/#website"},"primaryImageOfPage":{"@id":"https:\/\/recetas.kuken.es\/recetas\/#primaryimage"},"image":{"@id":"https:\/\/recetas.kuken.es\/recetas\/#primaryimage"},"thumbnailUrl":"https:\/\/recetas.kuken.es\/wp-content\/uploads\/2014\/08\/red-flannel-hash-recipe11.jpg","datePublished":"2014-08-27T23:56:33+00:00","dateModified":"2022-10-27T16:41:29+00:00","inLanguage":"de","potentialAction":[{"@type":"ReadAction","target":["https:\/\/recetas.kuken.es\/recetas\/"]}]},{"@type":"ImageObject","inLanguage":"de","@id":"https:\/\/recetas.kuken.es\/recetas\/#primaryimage","url":"https:\/\/recetas.kuken.es\/wp-content\/uploads\/2014\/08\/red-flannel-hash-recipe11.jpg","contentUrl":"https:\/\/recetas.kuken.es\/wp-content\/uploads\/2014\/08\/red-flannel-hash-recipe11.jpg","width":2400,"height":1600},{"@type":"WebSite","@id":"https:\/\/recetas.kuken.es\/fr\/#website","url":"https:\/\/recetas.kuken.es\/fr\/","name":"Recetas K\u00fcken","description":"Amplia variedad de recetas para tu robot de cocina","publisher":{"@id":"https:\/\/recetas.kuken.es\/fr\/#organization"},"potentialAction":[{"@type":"SearchAction","target":{"@type":"EntryPoint","urlTemplate":"https:\/\/recetas.kuken.es\/fr\/?s={search_term_string}"},"query-input":{"@type":"PropertyValueSpecification","valueRequired":true,"valueName":"search_term_string"}}],"inLanguage":"de"},{"@type":"Organization","@id":"https:\/\/recetas.kuken.es\/fr\/#organization","name":"Alfa Dyser","url":"https:\/\/recetas.kuken.es\/fr\/","logo":{"@type":"ImageObject","inLanguage":"de","@id":"https:\/\/recetas.kuken.es\/fr\/#\/schema\/logo\/image\/","url":"https:\/\/recetas.kuken.es\/wp-content\/uploads\/2020\/11\/cropped-kuken-1.png","contentUrl":"https:\/\/recetas.kuken.es\/wp-content\/uploads\/2020\/11\/cropped-kuken-1.png","width":377,"height":94,"caption":"Alfa Dyser"},"image":{"@id":"https:\/\/recetas.kuken.es\/fr\/#\/schema\/logo\/image\/"}}]}},"_links":{"self":[{"href":"https:\/\/recetas.kuken.es\/de\/wp-json\/wp\/v2\/pages\/124","targetHints":{"allow":["GET"]}}],"collection":[{"href":"https:\/\/recetas.kuken.es\/de\/wp-json\/wp\/v2\/pages"}],"about":[{"href":"https:\/\/recetas.kuken.es\/de\/wp-json\/wp\/v2\/types\/page"}],"author":[{"embeddable":true,"href":"https:\/\/recetas.kuken.es\/de\/wp-json\/wp\/v2\/users\/8"}],"replies":[{"embeddable":true,"href":"https:\/\/recetas.kuken.es\/de\/wp-json\/wp\/v2\/comments?post=124"}],"version-history":[{"count":0,"href":"https:\/\/recetas.kuken.es\/de\/wp-json\/wp\/v2\/pages\/124\/revisions"}],"wp:featuredmedia":[{"embeddable":true,"href":"https:\/\/recetas.kuken.es\/de\/wp-json\/wp\/v2\/media\/143"}],"wp:attachment":[{"href":"https:\/\/recetas.kuken.es\/de\/wp-json\/wp\/v2\/media?parent=124"}],"curies":[{"name":"wp","href":"https:\/\/api.w.org\/{rel}","templated":true}]}}