{"id":124,"date":"2014-08-27T19:56:33","date_gmt":"2014-08-27T23:56:33","guid":{"rendered":"http:\/\/cookedwp.com\/demo\/?page_id=124"},"modified":"2022-10-27T18:41:29","modified_gmt":"2022-10-27T16:41:29","slug":"receitas","status":"publish","type":"page","link":"https:\/\/recetas.kuken.es\/pt\/receitas\/","title":{"rendered":"Todas as receitas"},"content":{"rendered":"<section class=\"cooked-recipe-search cooked-clearfix\"><form action=\"https:\/\/recetas.kuken.es\/pt\/receitas\/\" method=\"get\" data-trp-original-action=\"https:\/\/recetas.kuken.es\/pt\/receitas\/\"><input type=\"hidden\" name=\"page_id\" value=\"124\"><div class=\"cooked-fields-wrap cooked-1-search-fields\"><div class=\"cooked-field-wrap cooked-field-wrap-select\"><span class=\"cooked-browse-select\"><span class=\"cooked-field-title\">Navegar<\/span><span class=\"cooked-browse-select-block cooked-clearfix\"><span class=\"cooked-tax-column\"><span class=\"cooked-tax-column-title\">Categorias<\/span><div class=\"cooked-tax-scrollable\"><a href=\"https:\/\/recetas.kuken.es\/pt\/receitas\/categoria-de-receitas\/accompanimentos-primeiro\">Primeiros acompanhamentos<\/a><a href=\"https:\/\/recetas.kuken.es\/pt\/receitas\/categoria-de-receitas\/bebidas\">Bebidas<\/a><a href=\"https:\/\/recetas.kuken.es\/pt\/receitas\/categoria-de-receitas\/pequenos-almocos\">Caf\u00e9 da manh\u00e3<\/a><a href=\"https:\/\/recetas.kuken.es\/pt\/receitas\/categoria-de-receitas\/entradas-e-aperitivos\">Entradas e aperitivos<\/a><a href=\"https:\/\/recetas.kuken.es\/pt\/receitas\/categoria-de-receitas\/sobremesas\">Sobremesas<\/a><a href=\"https:\/\/recetas.kuken.es\/pt\/receitas\/categoria-de-receitas\/primeiro\">Primeiro<\/a><a href=\"https:\/\/recetas.kuken.es\/pt\/receitas\/categoria-de-receitas\/molhos-e-ingredientes-basicos\">Molhos e ingredientes base<\/a><a href=\"https:\/\/recetas.kuken.es\/pt\/receitas\/categoria-de-receitas\/segundos\">Prato principal<\/a><\/div><\/span><\/span><\/span><\/div><input aria-label=\"Encontre uma receita...\" class=\"cooked-browse-search\" type=\"text\" name=\"cooked_search_s\" value=\"\" placeholder=\"Encontre uma receita...\" \/><a aria-label=\"Pesquisa\" href=\"#\" class=\"cooked-browse-search-button\"><i class=\"cooked-icon cooked-icon-search\"><\/i><\/a><\/div><span class=\"cooked-sortby-wrap\"><select class=\"cooked-sortby-select\" name=\"cooked_browse_sort_by\"><option value=\"date_desc\" selected>O mais recente primeiro<\/option><option value=\"date_asc\">Os mais antigos primeiro<\/option><option value=\"title_asc\">Por ordem alfab\u00e9tica (A-Z)<\/option><option value=\"title_desc\">Por ordem alfab\u00e9tica (Z-A)<\/option><option value=\"rating_desc\">Mais alto<\/option><option value=\"rating_asc\">Classifica\u00e7\u00e3o mais baixa<\/option><\/select><\/span><input type=\"hidden\" name=\"trp-form-language\" value=\"pt\"\/><\/form><\/section><section id=\"cooked-recipe-list-1\" class=\"cooked-clearfix cooked-recipe-grid cooked-recipe-loader cooked-columns-3\"><article class=\"cooked-recipe has-post-thumbnail cooked-recipe-card cooked-recipe-card-modern-centered\"><a href=\"https:\/\/recetas.kuken.es\/pt\/receita\/ninho-de-massa-com-camarao\/\" class=\"cooked-recipe-card-image\" style=\"background-image:url(https:\/\/recetas.kuken.es\/wp-content\/uploads\/pasta-alcachofa-gambas-480x525.jpg);\"><\/a><a href=\"https:\/\/recetas.kuken.es\/pt\/perfil\/\" class=\"cooked-favorite-heart\"><i class=\"cooked-icon cooked-icon-heart cooked-icon-fw\"><\/i><\/a><span class=\"cooked-recipe-card-content\"><span class=\"cooked-rating\" data-recipe-id=\"3264\"><span class=\"cooked-rating-stars\"><span data-rating-value=\"5\" class=\"cooked-rating-choice cooked-rating-star cooked-rating-star-empty\"><i class=\"cooked-icon cooked-icon-star\"><\/i><\/span><span data-rating-value=\"4\" class=\"cooked-rating-choice cooked-rating-star cooked-rating-star-empty\"><i class=\"cooked-icon cooked-icon-star\"><\/i><\/span><span data-rating-value=\"3\" class=\"cooked-rating-choice cooked-rating-star cooked-rating-star-empty\"><i class=\"cooked-icon cooked-icon-star\"><\/i><\/span><span data-rating-value=\"2\" class=\"cooked-rating-choice cooked-rating-star cooked-rating-star-empty\"><i class=\"cooked-icon cooked-icon-star\"><\/i><\/span><span data-rating-value=\"1\" class=\"cooked-rating-choice cooked-rating-star cooked-rating-star-empty\"><i class=\"cooked-icon cooked-icon-star\"><\/i><\/span><\/span><\/span><a href=\"https:\/\/recetas.kuken.es\/pt\/receita\/ninho-de-massa-com-camarao\/\" class=\"cooked-recipe-card-title\">Ninhos de massa com camar\u00e3o<\/a><span class=\"cooked-recipe-card-sep\"><\/span><span class=\"cooked-recipe-card-excerpt\">Deliciosa receita de ninhos de massa com camar\u00f5es, prepare-a em qualquer dia da semana, especialmente aos fins-de-semana para uma refei\u00e7\u00e3o familiar descontra\u00edda.<\/span><\/span><\/article><article class=\"cooked-recipe has-post-thumbnail cooked-recipe-card cooked-recipe-card-modern-centered\"><a href=\"https:\/\/recetas.kuken.es\/pt\/receita\/beringelas-recheadas-gratinadas\/\" class=\"cooked-recipe-card-image\" style=\"background-image:url(https:\/\/recetas.kuken.es\/wp-content\/uploads\/berenjena-rellena-479x525.jpg);\"><\/a><a href=\"https:\/\/recetas.kuken.es\/pt\/perfil\/\" class=\"cooked-favorite-heart\"><i class=\"cooked-icon cooked-icon-heart cooked-icon-fw\"><\/i><\/a><span class=\"cooked-recipe-card-content\"><span class=\"cooked-rating\" data-recipe-id=\"3268\"><span class=\"cooked-rating-stars\"><span data-rating-value=\"5\" class=\"cooked-rating-choice cooked-rating-star cooked-rating-star-empty\"><i class=\"cooked-icon cooked-icon-star\"><\/i><\/span><span data-rating-value=\"4\" class=\"cooked-rating-choice cooked-rating-star cooked-rating-star-empty\"><i class=\"cooked-icon cooked-icon-star\"><\/i><\/span><span data-rating-value=\"3\" class=\"cooked-rating-choice cooked-rating-star cooked-rating-star-empty\"><i class=\"cooked-icon cooked-icon-star\"><\/i><\/span><span data-rating-value=\"2\" class=\"cooked-rating-choice cooked-rating-star cooked-rating-star-empty\"><i class=\"cooked-icon cooked-icon-star\"><\/i><\/span><span data-rating-value=\"1\" class=\"cooked-rating-choice cooked-rating-star cooked-rating-star-empty\"><i class=\"cooked-icon cooked-icon-star\"><\/i><\/span><\/span><\/span><a href=\"https:\/\/recetas.kuken.es\/pt\/receita\/beringelas-recheadas-gratinadas\/\" class=\"cooked-recipe-card-title\">Beringelas recheadas gratinadas<\/a><span class=\"cooked-recipe-card-sep\"><\/span><span class=\"cooked-recipe-card-excerpt\">Deliciosa receita de beringelas recheadas gratinadas com a qual ir\u00e1 surpreender todos os seus convidados.<\/span><\/span><\/article><article class=\"cooked-recipe has-post-thumbnail cooked-recipe-card cooked-recipe-card-modern-centered\"><a href=\"https:\/\/recetas.kuken.es\/pt\/receita\/almondegas-de-grao-de-bico-com-molho-de-alho-frances\/\" class=\"cooked-recipe-card-image\" style=\"background-image:url(https:\/\/recetas.kuken.es\/wp-content\/uploads\/albondigas-de-garbanzos-con-salsa-de-puerro-y-arroz-blanco-480x525.jpg);\"><\/a><a href=\"https:\/\/recetas.kuken.es\/pt\/perfil\/\" class=\"cooked-favorite-heart\"><i class=\"cooked-icon cooked-icon-heart cooked-icon-fw\"><\/i><\/a><span class=\"cooked-recipe-card-content\"><span class=\"cooked-rating\" data-recipe-id=\"3266\"><span class=\"cooked-rating-stars\"><span data-rating-value=\"5\" class=\"cooked-rating-choice cooked-rating-star cooked-rating-star-empty\"><i class=\"cooked-icon cooked-icon-star\"><\/i><\/span><span data-rating-value=\"4\" class=\"cooked-rating-choice cooked-rating-star cooked-rating-star-empty\"><i class=\"cooked-icon cooked-icon-star\"><\/i><\/span><span data-rating-value=\"3\" class=\"cooked-rating-choice cooked-rating-star cooked-rating-star-empty\"><i class=\"cooked-icon cooked-icon-star\"><\/i><\/span><span data-rating-value=\"2\" class=\"cooked-rating-choice cooked-rating-star cooked-rating-star-empty\"><i class=\"cooked-icon cooked-icon-star\"><\/i><\/span><span data-rating-value=\"1\" class=\"cooked-rating-choice cooked-rating-star cooked-rating-star-empty\"><i class=\"cooked-icon cooked-icon-star\"><\/i><\/span><\/span><\/span><a href=\"https:\/\/recetas.kuken.es\/pt\/receita\/almondegas-de-grao-de-bico-com-molho-de-alho-frances\/\" class=\"cooked-recipe-card-title\">Alm\u00f4ndegas de gr\u00e3o-de-bico com molho de alho franc\u00eas<\/a><span class=\"cooked-recipe-card-sep\"><\/span><span class=\"cooked-recipe-card-excerpt\">Deliciosa receita de alm\u00f4ndegas feitas com ingredientes vegetais, \u00e0 base de gr\u00e3o-de-bico e legumes variados. Deixe-se surpreender.<\/span><\/span><\/article><article class=\"cooked-recipe has-post-thumbnail cooked-recipe-card cooked-recipe-card-modern-centered\"><a href=\"https:\/\/recetas.kuken.es\/pt\/receita\/batatas-mascaradas-com-cogumelos\/\" class=\"cooked-recipe-card-image\" style=\"background-image:url(https:\/\/recetas.kuken.es\/wp-content\/uploads\/patata-enmascarada-480x525.jpg);\"><\/a><a href=\"https:\/\/recetas.kuken.es\/pt\/perfil\/\" class=\"cooked-favorite-heart\"><i class=\"cooked-icon cooked-icon-heart cooked-icon-fw\"><\/i><\/a><span class=\"cooked-recipe-card-content\"><span class=\"cooked-rating\" data-recipe-id=\"3277\"><span class=\"cooked-rating-stars\"><span data-rating-value=\"5\" class=\"cooked-rating-choice cooked-rating-star cooked-rating-star-empty\"><i class=\"cooked-icon cooked-icon-star\"><\/i><\/span><span data-rating-value=\"4\" class=\"cooked-rating-choice cooked-rating-star cooked-rating-star-empty\"><i class=\"cooked-icon cooked-icon-star\"><\/i><\/span><span data-rating-value=\"3\" class=\"cooked-rating-choice cooked-rating-star cooked-rating-star-empty\"><i class=\"cooked-icon cooked-icon-star\"><\/i><\/span><span data-rating-value=\"2\" class=\"cooked-rating-choice cooked-rating-star cooked-rating-star-empty\"><i class=\"cooked-icon cooked-icon-star\"><\/i><\/span><span data-rating-value=\"1\" class=\"cooked-rating-choice cooked-rating-star cooked-rating-star-empty\"><i class=\"cooked-icon cooked-icon-star\"><\/i><\/span><\/span><\/span><a href=\"https:\/\/recetas.kuken.es\/pt\/receita\/batatas-mascaradas-com-cogumelos\/\" class=\"cooked-recipe-card-title\">Batatas mascaradas com cogumelos<\/a><span class=\"cooked-recipe-card-sep\"><\/span><span class=\"cooked-recipe-card-excerpt\">Batatas mascaradas com cogumelos. Receita deliciosa para preparar nos dias frios e acompanhar com um peda\u00e7o de p\u00e3o r\u00fastico e um copo de vinho tinto.<\/span><\/span><\/article><article class=\"cooked-recipe has-post-thumbnail cooked-recipe-card cooked-recipe-card-modern-centered\"><a href=\"https:\/\/recetas.kuken.es\/pt\/receita\/asas-picantes-com-mel-e-sesamo\/\" class=\"cooked-recipe-card-image\" style=\"background-image:url(https:\/\/recetas.kuken.es\/wp-content\/uploads\/alitas-de-pollo-miel-480x525.jpg);\"><\/a><a href=\"https:\/\/recetas.kuken.es\/pt\/perfil\/\" class=\"cooked-favorite-heart\"><i class=\"cooked-icon cooked-icon-heart cooked-icon-fw\"><\/i><\/a><span class=\"cooked-recipe-card-content\"><span class=\"cooked-rating\" data-recipe-id=\"3270\"><span class=\"cooked-rating-stars\"><span data-rating-value=\"5\" class=\"cooked-rating-choice cooked-rating-star cooked-rating-star-empty\"><i class=\"cooked-icon cooked-icon-star\"><\/i><\/span><span data-rating-value=\"4\" class=\"cooked-rating-choice cooked-rating-star cooked-rating-star-empty\"><i class=\"cooked-icon cooked-icon-star\"><\/i><\/span><span data-rating-value=\"3\" class=\"cooked-rating-choice cooked-rating-star cooked-rating-star-empty\"><i class=\"cooked-icon cooked-icon-star\"><\/i><\/span><span data-rating-value=\"2\" class=\"cooked-rating-choice cooked-rating-star cooked-rating-star-empty\"><i class=\"cooked-icon cooked-icon-star\"><\/i><\/span><span data-rating-value=\"1\" class=\"cooked-rating-choice cooked-rating-star cooked-rating-star-empty\"><i class=\"cooked-icon cooked-icon-star\"><\/i><\/span><\/span><\/span><a href=\"https:\/\/recetas.kuken.es\/pt\/receita\/asas-picantes-com-mel-e-sesamo\/\" class=\"cooked-recipe-card-title\">Asas quentes com mel e s\u00e9samo<\/a><span class=\"cooked-recipe-card-sep\"><\/span><span class=\"cooked-recipe-card-excerpt\">Asas de frango picantes com mel e s\u00e9samo, perfeitas para partilhar com a fam\u00edlia ou amigos.<\/span><\/span><\/article><article class=\"cooked-recipe has-post-thumbnail cooked-recipe-card cooked-recipe-card-modern-centered\"><a href=\"https:\/\/recetas.kuken.es\/pt\/receita\/chilli-com-carne\/\" class=\"cooked-recipe-card-image\" style=\"background-image:url(https:\/\/recetas.kuken.es\/wp-content\/uploads\/chili-480x525.jpg);\"><\/a><a href=\"https:\/\/recetas.kuken.es\/pt\/perfil\/\" class=\"cooked-favorite-heart\"><i class=\"cooked-icon cooked-icon-heart cooked-icon-fw\"><\/i><\/a><span class=\"cooked-recipe-card-content\"><span class=\"cooked-rating\" data-recipe-id=\"3247\"><span class=\"cooked-rating-stars\"><span data-rating-value=\"5\" class=\"cooked-rating-choice cooked-rating-star cooked-rating-star-empty\"><i class=\"cooked-icon cooked-icon-star\"><\/i><\/span><span data-rating-value=\"4\" class=\"cooked-rating-choice cooked-rating-star cooked-rating-star-empty\"><i class=\"cooked-icon cooked-icon-star\"><\/i><\/span><span data-rating-value=\"3\" class=\"cooked-rating-choice cooked-rating-star cooked-rating-star-empty\"><i class=\"cooked-icon cooked-icon-star\"><\/i><\/span><span data-rating-value=\"2\" class=\"cooked-rating-choice cooked-rating-star cooked-rating-star-empty\"><i class=\"cooked-icon cooked-icon-star\"><\/i><\/span><span data-rating-value=\"1\" class=\"cooked-rating-choice cooked-rating-star cooked-rating-star-empty\"><i class=\"cooked-icon cooked-icon-star\"><\/i><\/span><\/span><\/span><a href=\"https:\/\/recetas.kuken.es\/pt\/receita\/chilli-com-carne\/\" class=\"cooked-recipe-card-title\">Chili con carne<\/a><span class=\"cooked-recipe-card-sep\"><\/span><span class=\"cooked-recipe-card-excerpt\">Delicioso acompanhamento de chili con carne estilo Tex-Mex, ideal para partilhar com amigos e familiares em dias especiais.<\/span><\/span><\/article><article class=\"cooked-recipe has-post-thumbnail cooked-recipe-card cooked-recipe-card-modern-centered\"><a href=\"https:\/\/recetas.kuken.es\/pt\/receita\/salmao-com-pistacios-crocantes\/\" class=\"cooked-recipe-card-image\" style=\"background-image:url(https:\/\/recetas.kuken.es\/wp-content\/uploads\/salmon-pistacho-480x525.jpg);\"><\/a><a href=\"https:\/\/recetas.kuken.es\/pt\/perfil\/\" class=\"cooked-favorite-heart\"><i class=\"cooked-icon cooked-icon-heart cooked-icon-fw\"><\/i><\/a><span class=\"cooked-recipe-card-content\"><span class=\"cooked-rating\" data-recipe-id=\"3256\"><span class=\"cooked-rating-stars\"><span data-rating-value=\"5\" class=\"cooked-rating-choice cooked-rating-star cooked-rating-star-empty\"><i class=\"cooked-icon cooked-icon-star\"><\/i><\/span><span data-rating-value=\"4\" class=\"cooked-rating-choice cooked-rating-star cooked-rating-star-empty\"><i class=\"cooked-icon cooked-icon-star\"><\/i><\/span><span data-rating-value=\"3\" class=\"cooked-rating-choice cooked-rating-star cooked-rating-star-empty\"><i class=\"cooked-icon cooked-icon-star\"><\/i><\/span><span data-rating-value=\"2\" class=\"cooked-rating-choice cooked-rating-star cooked-rating-star-empty\"><i class=\"cooked-icon cooked-icon-star\"><\/i><\/span><span data-rating-value=\"1\" class=\"cooked-rating-choice cooked-rating-star cooked-rating-star-empty\"><i class=\"cooked-icon cooked-icon-star\"><\/i><\/span><\/span><\/span><a href=\"https:\/\/recetas.kuken.es\/pt\/receita\/salmao-com-pistacios-crocantes\/\" class=\"cooked-recipe-card-title\">Salm\u00e3o com pist\u00e1cios crocantes<\/a><span class=\"cooked-recipe-card-sep\"><\/span><span class=\"cooked-recipe-card-excerpt\">Deliciosa receita de salm\u00e3o com pist\u00e1cios crocantes, um prato nutritivo e f\u00e1cil de preparar que surpreender\u00e1 a todos.<\/span><\/span><\/article><article class=\"cooked-recipe has-post-thumbnail cooked-recipe-card cooked-recipe-card-modern-centered\"><a href=\"https:\/\/recetas.kuken.es\/pt\/receita\/lasana-com-um-toque-mexicano\/\" class=\"cooked-recipe-card-image\" style=\"background-image:url(https:\/\/recetas.kuken.es\/wp-content\/uploads\/lasana-mexicana-480x525.jpg);\"><\/a><a href=\"https:\/\/recetas.kuken.es\/pt\/perfil\/\" class=\"cooked-favorite-heart\"><i class=\"cooked-icon cooked-icon-heart cooked-icon-fw\"><\/i><\/a><span class=\"cooked-recipe-card-content\"><span class=\"cooked-rating\" data-recipe-id=\"3250\"><span class=\"cooked-rating-stars\"><span data-rating-value=\"5\" class=\"cooked-rating-choice cooked-rating-star cooked-rating-star-empty\"><i class=\"cooked-icon cooked-icon-star\"><\/i><\/span><span data-rating-value=\"4\" class=\"cooked-rating-choice cooked-rating-star cooked-rating-star-empty\"><i class=\"cooked-icon cooked-icon-star\"><\/i><\/span><span data-rating-value=\"3\" class=\"cooked-rating-choice cooked-rating-star cooked-rating-star-empty\"><i class=\"cooked-icon cooked-icon-star\"><\/i><\/span><span data-rating-value=\"2\" class=\"cooked-rating-choice cooked-rating-star cooked-rating-star-empty\"><i class=\"cooked-icon cooked-icon-star\"><\/i><\/span><span data-rating-value=\"1\" class=\"cooked-rating-choice cooked-rating-star cooked-rating-star-empty\"><i class=\"cooked-icon cooked-icon-star\"><\/i><\/span><\/span><\/span><a href=\"https:\/\/recetas.kuken.es\/pt\/receita\/lasana-com-um-toque-mexicano\/\" class=\"cooked-recipe-card-title\">Lasanha com uma reviravolta mexicana<\/a><span class=\"cooked-recipe-card-sep\"><\/span><span class=\"cooked-recipe-card-excerpt\">Delicioso prato mexicano de lasanha muito f\u00e1cil de preparar e com muito sabor para surpreender todos os seus convidados.<\/span><\/span><\/article><article class=\"cooked-recipe has-post-thumbnail cooked-recipe-card cooked-recipe-card-modern-centered\"><a href=\"https:\/\/recetas.kuken.es\/pt\/receita\/arroz-negro-com-lulas-e-camaroes\/\" class=\"cooked-recipe-card-image\" style=\"background-image:url(https:\/\/recetas.kuken.es\/wp-content\/uploads\/arroz-negro-480x525.jpg);\"><\/a><a href=\"https:\/\/recetas.kuken.es\/pt\/perfil\/\" class=\"cooked-favorite-heart\"><i class=\"cooked-icon cooked-icon-heart cooked-icon-fw\"><\/i><\/a><span class=\"cooked-recipe-card-content\"><span class=\"cooked-rating\" data-recipe-id=\"3252\"><span class=\"cooked-rating-stars\"><span data-rating-value=\"5\" class=\"cooked-rating-choice cooked-rating-star cooked-rating-star-empty\"><i class=\"cooked-icon cooked-icon-star\"><\/i><\/span><span data-rating-value=\"4\" class=\"cooked-rating-choice cooked-rating-star cooked-rating-star-empty\"><i class=\"cooked-icon cooked-icon-star\"><\/i><\/span><span data-rating-value=\"3\" class=\"cooked-rating-choice cooked-rating-star cooked-rating-star-empty\"><i class=\"cooked-icon cooked-icon-star\"><\/i><\/span><span data-rating-value=\"2\" class=\"cooked-rating-choice cooked-rating-star cooked-rating-star-empty\"><i class=\"cooked-icon cooked-icon-star\"><\/i><\/span><span data-rating-value=\"1\" class=\"cooked-rating-choice cooked-rating-star cooked-rating-star-empty\"><i class=\"cooked-icon cooked-icon-star\"><\/i><\/span><\/span><\/span><a href=\"https:\/\/recetas.kuken.es\/pt\/receita\/arroz-negro-com-lulas-e-camaroes\/\" class=\"cooked-recipe-card-title\">Arroz preto com lulas e gambas beb\u00e9<\/a><span class=\"cooked-recipe-card-sep\"><\/span><span class=\"cooked-recipe-card-excerpt\">Delicioso prato de arroz negro com lulas e camar\u00f5es beb\u00e9 que surpreender\u00e1 toda a gente.<\/span><\/span><\/article><\/section><div class=\"cooked-pages-load-wrap cooked-load-more-scroll\"><span class=\"cooked-icon-loading-wrap\"><i class=\"cooked-icon cooked-icon-loading cooked-icon-spin\"><\/i><\/span><\/div>","protected":false},"excerpt":{"rendered":"","protected":false},"author":8,"featured_media":143,"parent":0,"menu_order":0,"comment_status":"closed","ping_status":"closed","template":"","meta":{"footnotes":""},"class_list":["post-124","page","type-page","status-publish","has-post-thumbnail","hentry"],"yoast_head":"<!-- This site is optimized with the Yoast SEO Premium plugin v24.0 (Yoast SEO v25.3.1) - https:\/\/yoast.com\/wordpress\/plugins\/seo\/ -->\n<title>Todas las recetas - Recetas K\u00fcken<\/title>\n<meta name=\"robots\" content=\"index, follow, max-snippet:-1, max-image-preview:large, max-video-preview:-1\" \/>\n<link rel=\"canonical\" href=\"https:\/\/recetas.kuken.es\/pt\/receitas\/\" \/>\n<meta property=\"og:locale\" content=\"pt_PT\" \/>\n<meta property=\"og:type\" content=\"article\" \/>\n<meta property=\"og:title\" content=\"Todas las recetas - Recetas K\u00fcken\" \/>\n<meta property=\"og:url\" content=\"https:\/\/recetas.kuken.es\/pt\/receitas\/\" \/>\n<meta property=\"og:site_name\" content=\"Recetas K\u00fcken\" \/>\n<meta property=\"article:modified_time\" content=\"2022-10-27T16:41:29+00:00\" \/>\n<meta property=\"og:image\" content=\"https:\/\/recetas.kuken.es\/wp-content\/uploads\/2014\/08\/red-flannel-hash-recipe11.jpg\" \/>\n\t<meta property=\"og:image:width\" content=\"2400\" \/>\n\t<meta property=\"og:image:height\" content=\"1600\" \/>\n\t<meta property=\"og:image:type\" content=\"image\/jpeg\" \/>\n<meta name=\"twitter:card\" content=\"summary_large_image\" \/>\n<meta name=\"twitter:label1\" content=\"Tempo estimado de leitura\" \/>\n\t<meta name=\"twitter:data1\" content=\"1 minuto\" \/>\n<script type=\"application\/ld+json\" class=\"yoast-schema-graph\">{\"@context\":\"https:\/\/schema.org\",\"@graph\":[{\"@type\":\"WebPage\",\"@id\":\"https:\/\/recetas.kuken.es\/recetas\/\",\"url\":\"https:\/\/recetas.kuken.es\/recetas\/\",\"name\":\"Todas las recetas - Recetas K\u00fcken\",\"isPartOf\":{\"@id\":\"https:\/\/recetas.kuken.es\/fr\/#website\"},\"primaryImageOfPage\":{\"@id\":\"https:\/\/recetas.kuken.es\/recetas\/#primaryimage\"},\"image\":{\"@id\":\"https:\/\/recetas.kuken.es\/recetas\/#primaryimage\"},\"thumbnailUrl\":\"https:\/\/recetas.kuken.es\/wp-content\/uploads\/2014\/08\/red-flannel-hash-recipe11.jpg\",\"datePublished\":\"2014-08-27T23:56:33+00:00\",\"dateModified\":\"2022-10-27T16:41:29+00:00\",\"inLanguage\":\"pt-PT\",\"potentialAction\":[{\"@type\":\"ReadAction\",\"target\":[\"https:\/\/recetas.kuken.es\/recetas\/\"]}]},{\"@type\":\"ImageObject\",\"inLanguage\":\"pt-PT\",\"@id\":\"https:\/\/recetas.kuken.es\/recetas\/#primaryimage\",\"url\":\"https:\/\/recetas.kuken.es\/wp-content\/uploads\/2014\/08\/red-flannel-hash-recipe11.jpg\",\"contentUrl\":\"https:\/\/recetas.kuken.es\/wp-content\/uploads\/2014\/08\/red-flannel-hash-recipe11.jpg\",\"width\":2400,\"height\":1600},{\"@type\":\"WebSite\",\"@id\":\"https:\/\/recetas.kuken.es\/fr\/#website\",\"url\":\"https:\/\/recetas.kuken.es\/fr\/\",\"name\":\"Recetas K\u00fcken\",\"description\":\"Amplia variedad de recetas para tu robot de cocina\",\"publisher\":{\"@id\":\"https:\/\/recetas.kuken.es\/fr\/#organization\"},\"potentialAction\":[{\"@type\":\"SearchAction\",\"target\":{\"@type\":\"EntryPoint\",\"urlTemplate\":\"https:\/\/recetas.kuken.es\/fr\/?s={search_term_string}\"},\"query-input\":{\"@type\":\"PropertyValueSpecification\",\"valueRequired\":true,\"valueName\":\"search_term_string\"}}],\"inLanguage\":\"pt-PT\"},{\"@type\":\"Organization\",\"@id\":\"https:\/\/recetas.kuken.es\/fr\/#organization\",\"name\":\"Alfa Dyser\",\"url\":\"https:\/\/recetas.kuken.es\/fr\/\",\"logo\":{\"@type\":\"ImageObject\",\"inLanguage\":\"pt-PT\",\"@id\":\"https:\/\/recetas.kuken.es\/fr\/#\/schema\/logo\/image\/\",\"url\":\"https:\/\/recetas.kuken.es\/wp-content\/uploads\/2020\/11\/cropped-kuken-1.png\",\"contentUrl\":\"https:\/\/recetas.kuken.es\/wp-content\/uploads\/2020\/11\/cropped-kuken-1.png\",\"width\":377,\"height\":94,\"caption\":\"Alfa Dyser\"},\"image\":{\"@id\":\"https:\/\/recetas.kuken.es\/fr\/#\/schema\/logo\/image\/\"}}]}<\/script>\n<!-- \/ Yoast SEO Premium plugin. -->","yoast_head_json":{"title":"Todas las recetas - Recetas K\u00fcken","robots":{"index":"index","follow":"follow","max-snippet":"max-snippet:-1","max-image-preview":"max-image-preview:large","max-video-preview":"max-video-preview:-1"},"canonical":"https:\/\/recetas.kuken.es\/pt\/receitas\/","og_locale":"pt_PT","og_type":"article","og_title":"Todas las recetas - Recetas K\u00fcken","og_url":"https:\/\/recetas.kuken.es\/pt\/receitas\/","og_site_name":"Recetas K\u00fcken","article_modified_time":"2022-10-27T16:41:29+00:00","og_image":[{"width":2400,"height":1600,"url":"https:\/\/recetas.kuken.es\/wp-content\/uploads\/2014\/08\/red-flannel-hash-recipe11.jpg","type":"image\/jpeg"}],"twitter_card":"summary_large_image","twitter_misc":{"Tempo estimado de leitura":"1 minuto"},"schema":{"@context":"https:\/\/schema.org","@graph":[{"@type":"WebPage","@id":"https:\/\/recetas.kuken.es\/recetas\/","url":"https:\/\/recetas.kuken.es\/recetas\/","name":"Todas las recetas - Recetas K\u00fcken","isPartOf":{"@id":"https:\/\/recetas.kuken.es\/fr\/#website"},"primaryImageOfPage":{"@id":"https:\/\/recetas.kuken.es\/recetas\/#primaryimage"},"image":{"@id":"https:\/\/recetas.kuken.es\/recetas\/#primaryimage"},"thumbnailUrl":"https:\/\/recetas.kuken.es\/wp-content\/uploads\/2014\/08\/red-flannel-hash-recipe11.jpg","datePublished":"2014-08-27T23:56:33+00:00","dateModified":"2022-10-27T16:41:29+00:00","inLanguage":"pt-PT","potentialAction":[{"@type":"ReadAction","target":["https:\/\/recetas.kuken.es\/recetas\/"]}]},{"@type":"ImageObject","inLanguage":"pt-PT","@id":"https:\/\/recetas.kuken.es\/recetas\/#primaryimage","url":"https:\/\/recetas.kuken.es\/wp-content\/uploads\/2014\/08\/red-flannel-hash-recipe11.jpg","contentUrl":"https:\/\/recetas.kuken.es\/wp-content\/uploads\/2014\/08\/red-flannel-hash-recipe11.jpg","width":2400,"height":1600},{"@type":"WebSite","@id":"https:\/\/recetas.kuken.es\/fr\/#website","url":"https:\/\/recetas.kuken.es\/fr\/","name":"Recetas K\u00fcken","description":"Amplia variedad de recetas para tu robot de cocina","publisher":{"@id":"https:\/\/recetas.kuken.es\/fr\/#organization"},"potentialAction":[{"@type":"SearchAction","target":{"@type":"EntryPoint","urlTemplate":"https:\/\/recetas.kuken.es\/fr\/?s={search_term_string}"},"query-input":{"@type":"PropertyValueSpecification","valueRequired":true,"valueName":"search_term_string"}}],"inLanguage":"pt-PT"},{"@type":"Organization","@id":"https:\/\/recetas.kuken.es\/fr\/#organization","name":"Alfa Dyser","url":"https:\/\/recetas.kuken.es\/fr\/","logo":{"@type":"ImageObject","inLanguage":"pt-PT","@id":"https:\/\/recetas.kuken.es\/fr\/#\/schema\/logo\/image\/","url":"https:\/\/recetas.kuken.es\/wp-content\/uploads\/2020\/11\/cropped-kuken-1.png","contentUrl":"https:\/\/recetas.kuken.es\/wp-content\/uploads\/2020\/11\/cropped-kuken-1.png","width":377,"height":94,"caption":"Alfa Dyser"},"image":{"@id":"https:\/\/recetas.kuken.es\/fr\/#\/schema\/logo\/image\/"}}]}},"_links":{"self":[{"href":"https:\/\/recetas.kuken.es\/pt\/wp-json\/wp\/v2\/pages\/124","targetHints":{"allow":["GET"]}}],"collection":[{"href":"https:\/\/recetas.kuken.es\/pt\/wp-json\/wp\/v2\/pages"}],"about":[{"href":"https:\/\/recetas.kuken.es\/pt\/wp-json\/wp\/v2\/types\/page"}],"author":[{"embeddable":true,"href":"https:\/\/recetas.kuken.es\/pt\/wp-json\/wp\/v2\/users\/8"}],"replies":[{"embeddable":true,"href":"https:\/\/recetas.kuken.es\/pt\/wp-json\/wp\/v2\/comments?post=124"}],"version-history":[{"count":0,"href":"https:\/\/recetas.kuken.es\/pt\/wp-json\/wp\/v2\/pages\/124\/revisions"}],"wp:featuredmedia":[{"embeddable":true,"href":"https:\/\/recetas.kuken.es\/pt\/wp-json\/wp\/v2\/media\/143"}],"wp:attachment":[{"href":"https:\/\/recetas.kuken.es\/pt\/wp-json\/wp\/v2\/media?parent=124"}],"curies":[{"name":"wp","href":"https:\/\/api.w.org\/{rel}","templated":true}]}}