{"id":331,"date":"2014-09-18T21:28:43","date_gmt":"2014-09-18T21:28:43","guid":{"rendered":"http:\/\/demo.boxystudio.com\/basil\/?page_id=331"},"modified":"2022-12-13T11:53:27","modified_gmt":"2022-12-13T10:53:27","slug":"inicio","status":"publish","type":"page","link":"https:\/\/recetas.kuken.es\/ru\/","title":{"rendered":"\u0413\u043b\u0430\u0432\u043d\u0430\u044f \u0441\u0442\u0440\u0430\u043d\u0438\u0446\u0430"},"content":{"rendered":"","protected":false},"excerpt":{"rendered":"","protected":false},"author":8,"featured_media":2081,"parent":0,"menu_order":0,"comment_status":"closed","ping_status":"closed","template":"","meta":{"footnotes":""},"class_list":["post-331","page","type-page","status-publish","has-post-thumbnail","hentry"],"yoast_head":"<!-- This site is optimized with the Yoast SEO Premium plugin v24.0 (Yoast SEO v25.3.1) - https:\/\/yoast.com\/wordpress\/plugins\/seo\/ -->\n<title>Inicio - Recetas K\u00fcken<\/title>\n<meta name=\"description\" content=\"Recetas de cocina con el Robot de Cocina k\u00fcken TOUCH 9000. Descubre las recetas en nuestro recetario de k\u00fcken.\" \/>\n<meta name=\"robots\" content=\"index, follow, max-snippet:-1, max-image-preview:large, max-video-preview:-1\" \/>\n<link rel=\"canonical\" href=\"https:\/\/recetas.kuken.es\/ru\/\" \/>\n<meta property=\"og:locale\" content=\"ru_RU\" \/>\n<meta property=\"og:type\" content=\"article\" \/>\n<meta property=\"og:title\" content=\"Inicio - Recetas K\u00fcken\" \/>\n<meta property=\"og:description\" content=\"Recetas de cocina con el Robot de Cocina k\u00fcken TOUCH 9000. Descubre las recetas en nuestro recetario de k\u00fcken.\" \/>\n<meta property=\"og:url\" content=\"https:\/\/recetas.kuken.es\/ru\/\" \/>\n<meta property=\"og:site_name\" content=\"Recetas K\u00fcken\" \/>\n<meta property=\"article:modified_time\" content=\"2022-12-13T10:53:27+00:00\" \/>\n<meta property=\"og:image\" content=\"https:\/\/recetas.kuken.es\/wp-content\/uploads\/2018\/10\/cooked_bg_2018.jpg\" \/>\n\t<meta property=\"og:image:width\" content=\"2000\" \/>\n\t<meta property=\"og:image:height\" content=\"1357\" \/>\n\t<meta property=\"og:image:type\" content=\"image\/jpeg\" \/>\n<meta name=\"twitter:card\" content=\"summary_large_image\" \/>\n<script type=\"application\/ld+json\" class=\"yoast-schema-graph\">{\"@context\":\"https:\/\/schema.org\",\"@graph\":[{\"@type\":\"WebPage\",\"@id\":\"https:\/\/recetas.kuken.es\/\",\"url\":\"https:\/\/recetas.kuken.es\/\",\"name\":\"Inicio - Recetas K\u00fcken\",\"isPartOf\":{\"@id\":\"https:\/\/recetas.kuken.es\/fr\/#website\"},\"primaryImageOfPage\":{\"@id\":\"https:\/\/recetas.kuken.es\/#primaryimage\"},\"image\":{\"@id\":\"https:\/\/recetas.kuken.es\/#primaryimage\"},\"thumbnailUrl\":\"https:\/\/recetas.kuken.es\/wp-content\/uploads\/2018\/10\/cooked_bg_2018.jpg\",\"datePublished\":\"2014-09-18T21:28:43+00:00\",\"dateModified\":\"2022-12-13T10:53:27+00:00\",\"description\":\"Recetas de cocina con el Robot de Cocina k\u00fcken TOUCH 9000. Descubre las recetas en nuestro recetario de k\u00fcken.\",\"inLanguage\":\"ru-RU\",\"potentialAction\":[{\"@type\":\"ReadAction\",\"target\":[\"https:\/\/recetas.kuken.es\/\"]}]},{\"@type\":\"ImageObject\",\"inLanguage\":\"ru-RU\",\"@id\":\"https:\/\/recetas.kuken.es\/#primaryimage\",\"url\":\"https:\/\/recetas.kuken.es\/wp-content\/uploads\/2018\/10\/cooked_bg_2018.jpg\",\"contentUrl\":\"https:\/\/recetas.kuken.es\/wp-content\/uploads\/2018\/10\/cooked_bg_2018.jpg\",\"width\":2000,\"height\":1357},{\"@type\":\"WebSite\",\"@id\":\"https:\/\/recetas.kuken.es\/fr\/#website\",\"url\":\"https:\/\/recetas.kuken.es\/fr\/\",\"name\":\"Recetas K\u00fcken\",\"description\":\"Amplia variedad de recetas para tu robot de cocina\",\"publisher\":{\"@id\":\"https:\/\/recetas.kuken.es\/fr\/#organization\"},\"potentialAction\":[{\"@type\":\"SearchAction\",\"target\":{\"@type\":\"EntryPoint\",\"urlTemplate\":\"https:\/\/recetas.kuken.es\/fr\/?s={search_term_string}\"},\"query-input\":{\"@type\":\"PropertyValueSpecification\",\"valueRequired\":true,\"valueName\":\"search_term_string\"}}],\"inLanguage\":\"ru-RU\"},{\"@type\":\"Organization\",\"@id\":\"https:\/\/recetas.kuken.es\/fr\/#organization\",\"name\":\"Alfa Dyser\",\"url\":\"https:\/\/recetas.kuken.es\/fr\/\",\"logo\":{\"@type\":\"ImageObject\",\"inLanguage\":\"ru-RU\",\"@id\":\"https:\/\/recetas.kuken.es\/fr\/#\/schema\/logo\/image\/\",\"url\":\"https:\/\/recetas.kuken.es\/wp-content\/uploads\/2020\/11\/cropped-kuken-1.png\",\"contentUrl\":\"https:\/\/recetas.kuken.es\/wp-content\/uploads\/2020\/11\/cropped-kuken-1.png\",\"width\":377,\"height\":94,\"caption\":\"Alfa Dyser\"},\"image\":{\"@id\":\"https:\/\/recetas.kuken.es\/fr\/#\/schema\/logo\/image\/\"}}]}<\/script>\n<!-- \/ Yoast SEO Premium plugin. -->","yoast_head_json":{"title":"Inicio - Recetas K\u00fcken","description":"Recetas de cocina con el Robot de Cocina k\u00fcken TOUCH 9000. Descubre las recetas en nuestro recetario de k\u00fcken.","robots":{"index":"index","follow":"follow","max-snippet":"max-snippet:-1","max-image-preview":"max-image-preview:large","max-video-preview":"max-video-preview:-1"},"canonical":"https:\/\/recetas.kuken.es\/ru\/","og_locale":"ru_RU","og_type":"article","og_title":"Inicio - Recetas K\u00fcken","og_description":"Recetas de cocina con el Robot de Cocina k\u00fcken TOUCH 9000. Descubre las recetas en nuestro recetario de k\u00fcken.","og_url":"https:\/\/recetas.kuken.es\/ru\/","og_site_name":"Recetas K\u00fcken","article_modified_time":"2022-12-13T10:53:27+00:00","og_image":[{"width":2000,"height":1357,"url":"https:\/\/recetas.kuken.es\/wp-content\/uploads\/2018\/10\/cooked_bg_2018.jpg","type":"image\/jpeg"}],"twitter_card":"summary_large_image","schema":{"@context":"https:\/\/schema.org","@graph":[{"@type":"WebPage","@id":"https:\/\/recetas.kuken.es\/","url":"https:\/\/recetas.kuken.es\/","name":"Inicio - Recetas K\u00fcken","isPartOf":{"@id":"https:\/\/recetas.kuken.es\/fr\/#website"},"primaryImageOfPage":{"@id":"https:\/\/recetas.kuken.es\/#primaryimage"},"image":{"@id":"https:\/\/recetas.kuken.es\/#primaryimage"},"thumbnailUrl":"https:\/\/recetas.kuken.es\/wp-content\/uploads\/2018\/10\/cooked_bg_2018.jpg","datePublished":"2014-09-18T21:28:43+00:00","dateModified":"2022-12-13T10:53:27+00:00","description":"Recetas de cocina con el Robot de Cocina k\u00fcken TOUCH 9000. Descubre las recetas en nuestro recetario de k\u00fcken.","inLanguage":"ru-RU","potentialAction":[{"@type":"ReadAction","target":["https:\/\/recetas.kuken.es\/"]}]},{"@type":"ImageObject","inLanguage":"ru-RU","@id":"https:\/\/recetas.kuken.es\/#primaryimage","url":"https:\/\/recetas.kuken.es\/wp-content\/uploads\/2018\/10\/cooked_bg_2018.jpg","contentUrl":"https:\/\/recetas.kuken.es\/wp-content\/uploads\/2018\/10\/cooked_bg_2018.jpg","width":2000,"height":1357},{"@type":"WebSite","@id":"https:\/\/recetas.kuken.es\/fr\/#website","url":"https:\/\/recetas.kuken.es\/fr\/","name":"Recetas K\u00fcken","description":"Amplia variedad de recetas para tu robot de cocina","publisher":{"@id":"https:\/\/recetas.kuken.es\/fr\/#organization"},"potentialAction":[{"@type":"SearchAction","target":{"@type":"EntryPoint","urlTemplate":"https:\/\/recetas.kuken.es\/fr\/?s={search_term_string}"},"query-input":{"@type":"PropertyValueSpecification","valueRequired":true,"valueName":"search_term_string"}}],"inLanguage":"ru-RU"},{"@type":"Organization","@id":"https:\/\/recetas.kuken.es\/fr\/#organization","name":"Alfa Dyser","url":"https:\/\/recetas.kuken.es\/fr\/","logo":{"@type":"ImageObject","inLanguage":"ru-RU","@id":"https:\/\/recetas.kuken.es\/fr\/#\/schema\/logo\/image\/","url":"https:\/\/recetas.kuken.es\/wp-content\/uploads\/2020\/11\/cropped-kuken-1.png","contentUrl":"https:\/\/recetas.kuken.es\/wp-content\/uploads\/2020\/11\/cropped-kuken-1.png","width":377,"height":94,"caption":"Alfa Dyser"},"image":{"@id":"https:\/\/recetas.kuken.es\/fr\/#\/schema\/logo\/image\/"}}]}},"_links":{"self":[{"href":"https:\/\/recetas.kuken.es\/ru\/wp-json\/wp\/v2\/pages\/331","targetHints":{"allow":["GET"]}}],"collection":[{"href":"https:\/\/recetas.kuken.es\/ru\/wp-json\/wp\/v2\/pages"}],"about":[{"href":"https:\/\/recetas.kuken.es\/ru\/wp-json\/wp\/v2\/types\/page"}],"author":[{"embeddable":true,"href":"https:\/\/recetas.kuken.es\/ru\/wp-json\/wp\/v2\/users\/8"}],"replies":[{"embeddable":true,"href":"https:\/\/recetas.kuken.es\/ru\/wp-json\/wp\/v2\/comments?post=331"}],"version-history":[{"count":0,"href":"https:\/\/recetas.kuken.es\/ru\/wp-json\/wp\/v2\/pages\/331\/revisions"}],"wp:featuredmedia":[{"embeddable":true,"href":"https:\/\/recetas.kuken.es\/ru\/wp-json\/wp\/v2\/media\/2081"}],"wp:attachment":[{"href":"https:\/\/recetas.kuken.es\/ru\/wp-json\/wp\/v2\/media?parent=331"}],"curies":[{"name":"wp","href":"https:\/\/api.w.org\/{rel}","templated":true}]}}